{"id":23,"date":"2023-04-11T17:26:51","date_gmt":"2023-04-11T15:26:51","guid":{"rendered":"https:\/\/ometic-cfc.fr\/?page_id=23"},"modified":"2023-04-12T23:50:12","modified_gmt":"2023-04-12T21:50:12","slug":"etiquettes-en-planche","status":"publish","type":"page","link":"https:\/\/ometic-cfc.fr\/?page_id=23","title":{"rendered":"Etiquettes en planches"},"content":{"rendered":"\n<p>Les \u00e9tiquettes en planches ne sont pas r\u00e9serv\u00e9es uniquement aux applications bureautiques ! Les imprimantes laser ou jet d&rsquo;encre permettent des impressions noires ou en couleurs rapidement et simplement pour toutes vos applications industrielles et m\u00e9dicales.<br><a href=\"https:\/\/ometic-cfc.fr\/?page_id=28\" data-type=\"page\" data-id=\"28\">Demandez-nous <\/a>notre catalogue pour d\u00e9couvrir toute la gammes des planches disponibles.<\/p>\n\n\n\n<figure class=\"wp-block-gallery has-nested-images columns-default is-cropped wp-block-gallery-1 is-layout-flex wp-block-gallery-is-layout-flex\">\n<figure class=\"wp-block-image size-full\"><img loading=\"lazy\" decoding=\"async\" width=\"588\" height=\"579\" data-id=\"51\" src=\"https:\/\/ometic-cfc.fr\/wp-content\/uploads\/2023\/04\/etiquette-1.jpg\" alt=\"\" class=\"wp-image-51\" srcset=\"https:\/\/ometic-cfc.fr\/wp-content\/uploads\/2023\/04\/etiquette-1.jpg 588w, https:\/\/ometic-cfc.fr\/wp-content\/uploads\/2023\/04\/etiquette-1-300x295.jpg 300w\" sizes=\"auto, (max-width: 588px) 100vw, 588px\" \/><\/figure>\n\n\n\n<figure class=\"wp-block-image size-large\"><img loading=\"lazy\" decoding=\"async\" width=\"279\" height=\"256\" data-id=\"47\" src=\"https:\/\/ometic-cfc.fr\/wp-content\/uploads\/2023\/04\/etiquette-5.jpg\" alt=\"\" class=\"wp-image-47\"\/><\/figure>\n\n\n\n<figure class=\"wp-block-image size-large\"><img loading=\"lazy\" decoding=\"async\" width=\"822\" height=\"534\" data-id=\"50\" src=\"https:\/\/ometic-cfc.fr\/wp-content\/uploads\/2023\/04\/etiquette-2.jpg\" alt=\"\" class=\"wp-image-50\" srcset=\"https:\/\/ometic-cfc.fr\/wp-content\/uploads\/2023\/04\/etiquette-2.jpg 822w, https:\/\/ometic-cfc.fr\/wp-content\/uploads\/2023\/04\/etiquette-2-300x195.jpg 300w, https:\/\/ometic-cfc.fr\/wp-content\/uploads\/2023\/04\/etiquette-2-768x499.jpg 768w\" sizes=\"auto, (max-width: 822px) 100vw, 822px\" \/><\/figure>\n<\/figure>\n\n\n\n<figure class=\"wp-block-gallery has-nested-images columns-default is-cropped wp-block-gallery-2 is-layout-flex wp-block-gallery-is-layout-flex\">\n<figure class=\"wp-block-image size-large\"><img loading=\"lazy\" decoding=\"async\" width=\"768\" height=\"1024\" data-id=\"107\" src=\"https:\/\/ometic-cfc.fr\/wp-content\/uploads\/2023\/04\/IMG_20191206_181536-768x1024.jpg\" alt=\"\" class=\"wp-image-107\" srcset=\"https:\/\/ometic-cfc.fr\/wp-content\/uploads\/2023\/04\/IMG_20191206_181536-768x1024.jpg 768w, https:\/\/ometic-cfc.fr\/wp-content\/uploads\/2023\/04\/IMG_20191206_181536-225x300.jpg 225w, https:\/\/ometic-cfc.fr\/wp-content\/uploads\/2023\/04\/IMG_20191206_181536-1152x1536.jpg 1152w, https:\/\/ometic-cfc.fr\/wp-content\/uploads\/2023\/04\/IMG_20191206_181536-1536x2048.jpg 1536w, https:\/\/ometic-cfc.fr\/wp-content\/uploads\/2023\/04\/IMG_20191206_181536-scaled.jpg 1920w\" sizes=\"auto, (max-width: 768px) 100vw, 768px\" \/><\/figure>\n\n\n\n<figure class=\"wp-block-image size-large\"><img loading=\"lazy\" decoding=\"async\" width=\"768\" height=\"1024\" data-id=\"106\" src=\"https:\/\/ometic-cfc.fr\/wp-content\/uploads\/2023\/04\/IMG_20191206_181347-768x1024.jpg\" alt=\"\" class=\"wp-image-106\" srcset=\"https:\/\/ometic-cfc.fr\/wp-content\/uploads\/2023\/04\/IMG_20191206_181347-768x1024.jpg 768w, https:\/\/ometic-cfc.fr\/wp-content\/uploads\/2023\/04\/IMG_20191206_181347-225x300.jpg 225w, https:\/\/ometic-cfc.fr\/wp-content\/uploads\/2023\/04\/IMG_20191206_181347-1152x1536.jpg 1152w, https:\/\/ometic-cfc.fr\/wp-content\/uploads\/2023\/04\/IMG_20191206_181347-1536x2048.jpg 1536w, https:\/\/ometic-cfc.fr\/wp-content\/uploads\/2023\/04\/IMG_20191206_181347-scaled.jpg 1920w\" sizes=\"auto, (max-width: 768px) 100vw, 768px\" \/><\/figure>\n\n\n\n<figure class=\"wp-block-image size-large\"><img loading=\"lazy\" decoding=\"async\" width=\"768\" height=\"1024\" data-id=\"105\" src=\"https:\/\/ometic-cfc.fr\/wp-content\/uploads\/2023\/04\/IMG_20191206_181649-768x1024.jpg\" alt=\"\" class=\"wp-image-105\" srcset=\"https:\/\/ometic-cfc.fr\/wp-content\/uploads\/2023\/04\/IMG_20191206_181649-768x1024.jpg 768w, https:\/\/ometic-cfc.fr\/wp-content\/uploads\/2023\/04\/IMG_20191206_181649-225x300.jpg 225w, https:\/\/ometic-cfc.fr\/wp-content\/uploads\/2023\/04\/IMG_20191206_181649-1152x1536.jpg 1152w, https:\/\/ometic-cfc.fr\/wp-content\/uploads\/2023\/04\/IMG_20191206_181649-1536x2048.jpg 1536w, https:\/\/ometic-cfc.fr\/wp-content\/uploads\/2023\/04\/IMG_20191206_181649-scaled.jpg 1920w\" sizes=\"auto, (max-width: 768px) 100vw, 768px\" \/><\/figure>\n<\/figure>\n","protected":false},"excerpt":{"rendered":"<p>Les \u00e9tiquettes en planches ne sont pas r\u00e9serv\u00e9es uniquement aux applications bureautiques ! Les imprimantes laser ou jet d&rsquo;encre permettent des impressions noires ou en couleurs rapidement et simplement pour toutes vos applications industrielles et m\u00e9dicales.Demandez-nous notre catalogue pour d\u00e9couvrir toute la gammes des planches disponibles.<\/p>\n","protected":false},"author":1,"featured_media":0,"parent":0,"menu_order":0,"comment_status":"closed","ping_status":"closed","template":"","meta":{"footnotes":""},"class_list":["post-23","page","type-page","status-publish","hentry"],"_links":{"self":[{"href":"https:\/\/ometic-cfc.fr\/index.php?rest_route=\/wp\/v2\/pages\/23","targetHints":{"allow":["GET"]}}],"collection":[{"href":"https:\/\/ometic-cfc.fr\/index.php?rest_route=\/wp\/v2\/pages"}],"about":[{"href":"https:\/\/ometic-cfc.fr\/index.php?rest_route=\/wp\/v2\/types\/page"}],"author":[{"embeddable":true,"href":"https:\/\/ometic-cfc.fr\/index.php?rest_route=\/wp\/v2\/users\/1"}],"replies":[{"embeddable":true,"href":"https:\/\/ometic-cfc.fr\/index.php?rest_route=%2Fwp%2Fv2%2Fcomments&post=23"}],"version-history":[{"count":7,"href":"https:\/\/ometic-cfc.fr\/index.php?rest_route=\/wp\/v2\/pages\/23\/revisions"}],"predecessor-version":[{"id":118,"href":"https:\/\/ometic-cfc.fr\/index.php?rest_route=\/wp\/v2\/pages\/23\/revisions\/118"}],"wp:attachment":[{"href":"https:\/\/ometic-cfc.fr\/index.php?rest_route=%2Fwp%2Fv2%2Fmedia&parent=23"}],"curies":[{"name":"wp","href":"https:\/\/api.w.org\/{rel}","templated":true}]}}