{"id":24,"date":"2023-04-11T17:20:15","date_gmt":"2023-04-11T15:20:15","guid":{"rendered":"https:\/\/ometic-cfc.fr\/?page_id=24"},"modified":"2023-04-12T23:48:03","modified_gmt":"2023-04-12T21:48:03","slug":"etiquettes-en-bobines-paravent","status":"publish","type":"page","link":"https:\/\/ometic-cfc.fr\/?page_id=24","title":{"rendered":"Etiquettes en bobines ou paravents"},"content":{"rendered":"\n<p>D\u00e9couvrez nos \u00e9tiquettes en bobines ou paravents pour les applications industrielles, logistiques et m\u00e9dicales. Les imprimantes transfert thermique ou thermique direct permettent des impressions \u00e0 l&rsquo;unit\u00e9 ou en lots.<br>Suivant votre environnement d&rsquo;utilisation des \u00e9tiquettes, nous pouvons vous conseiller des supports ou des adh\u00e9sifs sp\u00e9cifiques pour respecter votre cahier des charges.<\/p>\n\n\n\n<p>En plus des mandrins classiques de 76, 40, 25mm, nous exp\u00e9ditions des bobines en mandrins de 19,2 et 12,7mm pour les mini-imprimantes de ceinture.<\/p>\n\n\n\n<p><a href=\"https:\/\/ometic-cfc.fr\/?page_id=28\" data-type=\"page\" data-id=\"28\">Demandez-nous<\/a> notre catalogue des produits standards et sur stock ou envoyez votre demande sp\u00e9cifique.<\/p>\n\n\n\n<figure class=\"wp-block-gallery has-nested-images columns-default is-cropped wp-block-gallery-1 is-layout-flex wp-block-gallery-is-layout-flex\">\n<figure class=\"wp-block-image size-large\"><img loading=\"lazy\" decoding=\"async\" width=\"645\" height=\"641\" data-id=\"37\" src=\"https:\/\/ometic-cfc.fr\/wp-content\/uploads\/2023\/04\/etiquette-15.jpg\" alt=\"\" class=\"wp-image-37\" srcset=\"https:\/\/ometic-cfc.fr\/wp-content\/uploads\/2023\/04\/etiquette-15.jpg 645w, https:\/\/ometic-cfc.fr\/wp-content\/uploads\/2023\/04\/etiquette-15-300x298.jpg 300w, https:\/\/ometic-cfc.fr\/wp-content\/uploads\/2023\/04\/etiquette-15-150x150.jpg 150w\" sizes=\"auto, (max-width: 645px) 100vw, 645px\" \/><\/figure>\n\n\n\n<figure class=\"wp-block-image size-full\"><img loading=\"lazy\" decoding=\"async\" width=\"672\" height=\"533\" data-id=\"44\" src=\"https:\/\/ometic-cfc.fr\/wp-content\/uploads\/2023\/04\/etiquette-8.jpg\" alt=\"\" class=\"wp-image-44\" srcset=\"https:\/\/ometic-cfc.fr\/wp-content\/uploads\/2023\/04\/etiquette-8.jpg 672w, https:\/\/ometic-cfc.fr\/wp-content\/uploads\/2023\/04\/etiquette-8-300x238.jpg 300w\" sizes=\"auto, (max-width: 672px) 100vw, 672px\" \/><\/figure>\n\n\n\n<figure class=\"wp-block-image size-full\"><img loading=\"lazy\" decoding=\"async\" width=\"595\" height=\"595\" data-id=\"40\" src=\"https:\/\/ometic-cfc.fr\/wp-content\/uploads\/2023\/04\/etiquette-12.jpg\" alt=\"\" class=\"wp-image-40\" srcset=\"https:\/\/ometic-cfc.fr\/wp-content\/uploads\/2023\/04\/etiquette-12.jpg 595w, https:\/\/ometic-cfc.fr\/wp-content\/uploads\/2023\/04\/etiquette-12-300x300.jpg 300w, https:\/\/ometic-cfc.fr\/wp-content\/uploads\/2023\/04\/etiquette-12-150x150.jpg 150w\" sizes=\"auto, (max-width: 595px) 100vw, 595px\" \/><\/figure>\n<\/figure>\n\n\n\n<figure class=\"wp-block-gallery has-nested-images columns-default is-cropped wp-block-gallery-2 is-layout-flex wp-block-gallery-is-layout-flex\">\n<figure class=\"wp-block-image size-large\"><img loading=\"lazy\" decoding=\"async\" width=\"768\" height=\"1024\" data-id=\"110\" src=\"https:\/\/ometic-cfc.fr\/wp-content\/uploads\/2023\/04\/IMG_20200526_105950-768x1024.jpg\" alt=\"\" class=\"wp-image-110\" srcset=\"https:\/\/ometic-cfc.fr\/wp-content\/uploads\/2023\/04\/IMG_20200526_105950-768x1024.jpg 768w, https:\/\/ometic-cfc.fr\/wp-content\/uploads\/2023\/04\/IMG_20200526_105950-225x300.jpg 225w, https:\/\/ometic-cfc.fr\/wp-content\/uploads\/2023\/04\/IMG_20200526_105950-1152x1536.jpg 1152w, https:\/\/ometic-cfc.fr\/wp-content\/uploads\/2023\/04\/IMG_20200526_105950-1536x2048.jpg 1536w, https:\/\/ometic-cfc.fr\/wp-content\/uploads\/2023\/04\/IMG_20200526_105950-scaled.jpg 1920w\" sizes=\"auto, (max-width: 768px) 100vw, 768px\" \/><\/figure>\n\n\n\n<figure class=\"wp-block-image size-large\"><img loading=\"lazy\" decoding=\"async\" width=\"768\" height=\"1024\" data-id=\"109\" src=\"https:\/\/ometic-cfc.fr\/wp-content\/uploads\/2023\/04\/IMG_20200526_110344-768x1024.jpg\" alt=\"\" class=\"wp-image-109\" srcset=\"https:\/\/ometic-cfc.fr\/wp-content\/uploads\/2023\/04\/IMG_20200526_110344-768x1024.jpg 768w, https:\/\/ometic-cfc.fr\/wp-content\/uploads\/2023\/04\/IMG_20200526_110344-225x300.jpg 225w, https:\/\/ometic-cfc.fr\/wp-content\/uploads\/2023\/04\/IMG_20200526_110344-1152x1536.jpg 1152w, https:\/\/ometic-cfc.fr\/wp-content\/uploads\/2023\/04\/IMG_20200526_110344-1536x2048.jpg 1536w, https:\/\/ometic-cfc.fr\/wp-content\/uploads\/2023\/04\/IMG_20200526_110344-scaled.jpg 1920w\" sizes=\"auto, (max-width: 768px) 100vw, 768px\" \/><\/figure>\n\n\n\n<figure class=\"wp-block-image size-large\"><img loading=\"lazy\" decoding=\"async\" width=\"1024\" height=\"768\" data-id=\"108\" src=\"https:\/\/ometic-cfc.fr\/wp-content\/uploads\/2023\/04\/IMG_20201228_161410-1024x768.jpg\" alt=\"\" class=\"wp-image-108\" srcset=\"https:\/\/ometic-cfc.fr\/wp-content\/uploads\/2023\/04\/IMG_20201228_161410-1024x768.jpg 1024w, https:\/\/ometic-cfc.fr\/wp-content\/uploads\/2023\/04\/IMG_20201228_161410-300x225.jpg 300w, https:\/\/ometic-cfc.fr\/wp-content\/uploads\/2023\/04\/IMG_20201228_161410-768x576.jpg 768w, https:\/\/ometic-cfc.fr\/wp-content\/uploads\/2023\/04\/IMG_20201228_161410-1536x1152.jpg 1536w, https:\/\/ometic-cfc.fr\/wp-content\/uploads\/2023\/04\/IMG_20201228_161410-2048x1536.jpg 2048w\" sizes=\"auto, (max-width: 1024px) 100vw, 1024px\" \/><\/figure>\n\n\n\n<figure class=\"wp-block-image size-large\"><img loading=\"lazy\" decoding=\"async\" width=\"768\" height=\"1024\" data-id=\"103\" src=\"https:\/\/ometic-cfc.fr\/wp-content\/uploads\/2023\/04\/IMG_20181108_093414-768x1024.jpg\" alt=\"\" class=\"wp-image-103\" srcset=\"https:\/\/ometic-cfc.fr\/wp-content\/uploads\/2023\/04\/IMG_20181108_093414-768x1024.jpg 768w, https:\/\/ometic-cfc.fr\/wp-content\/uploads\/2023\/04\/IMG_20181108_093414-225x300.jpg 225w, https:\/\/ometic-cfc.fr\/wp-content\/uploads\/2023\/04\/IMG_20181108_093414-1152x1536.jpg 1152w, https:\/\/ometic-cfc.fr\/wp-content\/uploads\/2023\/04\/IMG_20181108_093414-1536x2048.jpg 1536w, https:\/\/ometic-cfc.fr\/wp-content\/uploads\/2023\/04\/IMG_20181108_093414-scaled.jpg 1920w\" sizes=\"auto, (max-width: 768px) 100vw, 768px\" \/><\/figure>\n<\/figure>\n","protected":false},"excerpt":{"rendered":"<p>D\u00e9couvrez nos \u00e9tiquettes en bobines ou paravents pour les applications industrielles, logistiques et m\u00e9dicales. Les imprimantes transfert thermique ou thermique direct permettent des impressions \u00e0 l&rsquo;unit\u00e9 ou en lots.Suivant votre environnement d&rsquo;utilisation des \u00e9tiquettes, nous pouvons vous conseiller des supports ou des adh\u00e9sifs sp\u00e9cifiques pour respecter votre cahier des charges. En plus des mandrins classiques [&hellip;]<\/p>\n","protected":false},"author":1,"featured_media":0,"parent":0,"menu_order":0,"comment_status":"closed","ping_status":"closed","template":"","meta":{"footnotes":""},"class_list":["post-24","page","type-page","status-publish","hentry"],"_links":{"self":[{"href":"https:\/\/ometic-cfc.fr\/index.php?rest_route=\/wp\/v2\/pages\/24","targetHints":{"allow":["GET"]}}],"collection":[{"href":"https:\/\/ometic-cfc.fr\/index.php?rest_route=\/wp\/v2\/pages"}],"about":[{"href":"https:\/\/ometic-cfc.fr\/index.php?rest_route=\/wp\/v2\/types\/page"}],"author":[{"embeddable":true,"href":"https:\/\/ometic-cfc.fr\/index.php?rest_route=\/wp\/v2\/users\/1"}],"replies":[{"embeddable":true,"href":"https:\/\/ometic-cfc.fr\/index.php?rest_route=%2Fwp%2Fv2%2Fcomments&post=24"}],"version-history":[{"count":9,"href":"https:\/\/ometic-cfc.fr\/index.php?rest_route=\/wp\/v2\/pages\/24\/revisions"}],"predecessor-version":[{"id":117,"href":"https:\/\/ometic-cfc.fr\/index.php?rest_route=\/wp\/v2\/pages\/24\/revisions\/117"}],"wp:attachment":[{"href":"https:\/\/ometic-cfc.fr\/index.php?rest_route=%2Fwp%2Fv2%2Fmedia&parent=24"}],"curies":[{"name":"wp","href":"https:\/\/api.w.org\/{rel}","templated":true}]}}