{"id":27,"date":"2023-04-11T17:36:40","date_gmt":"2023-04-11T15:36:40","guid":{"rendered":"https:\/\/ometic-cfc.fr\/?page_id=27"},"modified":"2023-04-12T22:51:13","modified_gmt":"2023-04-12T20:51:13","slug":"glossaire","status":"publish","type":"page","link":"https:\/\/ometic-cfc.fr\/?page_id=27","title":{"rendered":"Glossaire"},"content":{"rendered":"\n<figure class=\"wp-block-image size-large\"><img loading=\"lazy\" decoding=\"async\" width=\"1024\" height=\"307\" src=\"https:\/\/ometic-cfc.fr\/wp-content\/uploads\/2023\/04\/Linkedin-Bakground-Banner-Design-for-Professionals-1-1024x307.png\" alt=\"\u00e9tiquettes en bobines\" class=\"wp-image-18\" srcset=\"https:\/\/ometic-cfc.fr\/wp-content\/uploads\/2023\/04\/Linkedin-Bakground-Banner-Design-for-Professionals-1-1024x307.png 1024w, https:\/\/ometic-cfc.fr\/wp-content\/uploads\/2023\/04\/Linkedin-Bakground-Banner-Design-for-Professionals-1-300x90.png 300w, https:\/\/ometic-cfc.fr\/wp-content\/uploads\/2023\/04\/Linkedin-Bakground-Banner-Design-for-Professionals-1-768x230.png 768w, https:\/\/ometic-cfc.fr\/wp-content\/uploads\/2023\/04\/Linkedin-Bakground-Banner-Design-for-Professionals-1-1536x461.png 1536w, https:\/\/ometic-cfc.fr\/wp-content\/uploads\/2023\/04\/Linkedin-Bakground-Banner-Design-for-Professionals-1-2048x614.png 2048w\" sizes=\"auto, (max-width: 1024px) 100vw, 1024px\" \/><\/figure>\n\n\n\n<p><strong>Adh\u00e9sif enlevable ou amovible<\/strong> : con\u00e7u pour se d\u00e9coller facilement. Non repositionnable.<br><strong>Norme BS5609<\/strong> : norme internationale pour les \u00e9tiquettes destin\u00e9es au transport maritime : r\u00e9sistance en immersion compl\u00e8te pendant 3 mois.<br><strong>Adh\u00e9sif \u2018\u2019Hotmelt\u2019\u2019<\/strong> : adh\u00e9sif \u00e0 base caoutchouc. Ce sont des adh\u00e9sifs renforc\u00e9s.<br><strong>Avance<\/strong> : d\u00e9filement de la bande d\u2019\u00e9tiquette.<br><strong>Backing<\/strong> : mati\u00e8re enduite d\u2019une couche silicon\u00e9e. Elle prot\u00e8ge l\u2019adh\u00e9sif. En rouleaux, elle permet la pose automatique.<br><strong>Bande Caroll<\/strong> : d\u00e9signe la bande perfor\u00e9e entourant un listing. Les perforations rendent possible la mise en mouvement du papier par une machine d\u2019impression matricielle.<br><strong>BAT<\/strong> : Bon A Tirer, acceptation sign\u00e9e par le client, prouvant son accord pour l\u2019impression. Le BAT d\u00e9gage l\u2019imprimeur de toute responsabilit\u00e9 en cas d\u2019erreurs constat\u00e9es apr\u00e8s l\u2019impression.<br><strong>Complexe auto-adh\u00e9sif<\/strong> : superposition de 3 \u00e9l\u00e9ments : le protecteur anti-adh\u00e9rent, la couche adh\u00e9sive, le frontal ou support d\u2019impression.<br><strong>Dorsal<\/strong> : voir backing.<br><strong>Enduction<\/strong> : traitement de surface qui consiste \u00e0 appliquer une colle sur un support (papier, film plastique, etc).<br><strong>Echenillage <\/strong>: mat\u00e9rialise l\u2019espace entre 2 \u00e9tiquettes.<br><strong>Fluage<\/strong> : d\u00e9bordement de l\u2019adh\u00e9sif sur les c\u00f4t\u00e9s de l\u2019\u00e9tiquette.<br><strong>Frontal<\/strong> : partie noble destin\u00e9e \u00e0 l\u2019impression de qualit\u00e9 et de nature diff\u00e9rente selon le type d\u2019impression ou \u00e9tiquette.<br><strong>Laize<\/strong> : largeur de la bande d\u2019\u00e9tiquette.<br><strong>Linerless<\/strong> : bande adh\u00e9sive sans support silicon\u00e9.<br><strong>Mandrin <\/strong>: Tube en carton sur lequel la bande d\u2019\u00e9tiquette ou le ruban est enroul\u00e9e. S\u2019exprime en diam\u00e8tre int\u00e9rieur.<br><strong>Prise de pince<\/strong> : bande non-imprimable situ\u00e9e sur le pourtour de la planche, elle est mat\u00e9rialis\u00e9e en rouge sur les sch\u00e9mas de ce catalogue mais non imprim\u00e9e sur les produits.<br><strong>Refente verso<\/strong> : d\u00e9coupe r\u00e9alis\u00e9e sur le dorsal d\u2019une planche pour faciliter la s\u00e9paration des \u00e9tiquettes du support silicon\u00e9.<br><strong>Refente recto<\/strong> : d\u00e9coupe r\u00e9alis\u00e9e sur le frontal.<br><strong>Sens d\u2019enroulement<\/strong> : il indique le position des \u00e9tiquettes, \u00e0 l\u2019int\u00e9rieur ou \u00e0 l\u2019ext\u00e9rieur.<br><strong>Sens de sortie<\/strong> : il indique l\u2019orientation des \u00e9tiquettes sur la bande, information \u00e0 fournir.<br><strong>Tack<\/strong> : correspond au pouvoir collant imm\u00e9diat sans pression.<br><strong>Thermique direct<\/strong> : \u00e9tiquette dont le frontal a re\u00e7u un traitement chimique lui permettant de r\u00e9agir \u00e0 la temp\u00e9rature des t\u00eates d\u2019imprimantes thermiques. \u00c0 privil\u00e9gier pour des \u00e9tiquettes dont la dur\u00e9e de vie est courte.<br><strong>Transfert thermique<\/strong> : l\u2019impression n\u00e9cessite un ruban transfert enduit de cire ou de r\u00e9sine.<br><strong>Zig Zag<\/strong> : idem paravent sans bandes caroll.<\/p>\n","protected":false},"excerpt":{"rendered":"<p>Adh\u00e9sif enlevable ou amovible : con\u00e7u pour se d\u00e9coller facilement. Non repositionnable.Norme BS5609 : norme internationale pour les \u00e9tiquettes destin\u00e9es au transport maritime : r\u00e9sistance en immersion compl\u00e8te pendant 3 mois.Adh\u00e9sif \u2018\u2019Hotmelt\u2019\u2019 : adh\u00e9sif \u00e0 base caoutchouc. Ce sont des adh\u00e9sifs renforc\u00e9s.Avance : d\u00e9filement de la bande d\u2019\u00e9tiquette.Backing : mati\u00e8re enduite d\u2019une couche silicon\u00e9e. Elle [&hellip;]<\/p>\n","protected":false},"author":1,"featured_media":0,"parent":0,"menu_order":0,"comment_status":"closed","ping_status":"closed","template":"","meta":{"footnotes":""},"class_list":["post-27","page","type-page","status-publish","hentry"],"_links":{"self":[{"href":"https:\/\/ometic-cfc.fr\/index.php?rest_route=\/wp\/v2\/pages\/27","targetHints":{"allow":["GET"]}}],"collection":[{"href":"https:\/\/ometic-cfc.fr\/index.php?rest_route=\/wp\/v2\/pages"}],"about":[{"href":"https:\/\/ometic-cfc.fr\/index.php?rest_route=\/wp\/v2\/types\/page"}],"author":[{"embeddable":true,"href":"https:\/\/ometic-cfc.fr\/index.php?rest_route=\/wp\/v2\/users\/1"}],"replies":[{"embeddable":true,"href":"https:\/\/ometic-cfc.fr\/index.php?rest_route=%2Fwp%2Fv2%2Fcomments&post=27"}],"version-history":[{"count":3,"href":"https:\/\/ometic-cfc.fr\/index.php?rest_route=\/wp\/v2\/pages\/27\/revisions"}],"predecessor-version":[{"id":88,"href":"https:\/\/ometic-cfc.fr\/index.php?rest_route=\/wp\/v2\/pages\/27\/revisions\/88"}],"wp:attachment":[{"href":"https:\/\/ometic-cfc.fr\/index.php?rest_route=%2Fwp%2Fv2%2Fmedia&parent=27"}],"curies":[{"name":"wp","href":"https:\/\/api.w.org\/{rel}","templated":true}]}}