{"id":29,"date":"2023-04-11T16:01:09","date_gmt":"2023-04-11T14:01:09","guid":{"rendered":"https:\/\/ometic-cfc.fr\/?page_id=29"},"modified":"2023-04-12T23:21:57","modified_gmt":"2023-04-12T21:21:57","slug":"nos-produits","status":"publish","type":"page","link":"https:\/\/ometic-cfc.fr\/?page_id=29","title":{"rendered":"Nos produits"},"content":{"rendered":"\n<div style=\"height:44px\" aria-hidden=\"true\" class=\"wp-block-spacer\"><\/div>\n\n\n\n<div class=\"wp-block-media-text alignwide is-stacked-on-mobile is-vertically-aligned-center\" style=\"grid-template-columns:35% auto\"><figure class=\"wp-block-media-text__media\"><a href=\"https:\/\/ometic-cfc.fr\/?page_id=23\"><img loading=\"lazy\" decoding=\"async\" width=\"266\" height=\"258\" src=\"https:\/\/ometic-cfc.fr\/wp-content\/uploads\/2023\/04\/etiquette-4.jpg\" alt=\"\" class=\"wp-image-48 size-full\"\/><\/a><\/figure><div class=\"wp-block-media-text__content\">\n<p>OMETIC CFC commercialise toutes sortes d&rsquo;\u00e9tiquettes, pour toutes les applications  industrielles, logistiques et m\u00e9dicales. Nous sommes experts dans les supports et adh\u00e9sifs sp\u00e9ciaux pour les applications difficiles. Nous fabriquons les \u00e9tiquettes en France. <\/p>\n\n\n\n<p>Nous maitrisons les diverses technologies d&rsquo;impression laser, jet d&rsquo;encre, transfert thermique et thermique direct. Nous pouvons vous conseiller sur vos choix d&rsquo;imprimantes.<\/p>\n\n\n\n<p><br>N&rsquo;h\u00e9sitez pas \u00e0 nous <a href=\"https:\/\/ometic-cfc.fr\/?page_id=28\" data-type=\"page\" data-id=\"28\">contacter <\/a>pour toutes vos demandes. Nous vous enverrons notre catalogue des produits standards et disponibles sur stock.<\/p>\n<\/div><\/div>\n\n\n\n<div class=\"wp-block-media-text alignwide is-stacked-on-mobile\" style=\"grid-template-columns:35% auto\"><figure class=\"wp-block-media-text__media\"><a href=\"https:\/\/ometic-cfc.fr\/?page_id=24\"><img loading=\"lazy\" decoding=\"async\" width=\"645\" height=\"641\" src=\"https:\/\/ometic-cfc.fr\/wp-content\/uploads\/2023\/04\/etiquette-15.jpg\" alt=\"\" class=\"wp-image-37 size-full\" srcset=\"https:\/\/ometic-cfc.fr\/wp-content\/uploads\/2023\/04\/etiquette-15.jpg 645w, https:\/\/ometic-cfc.fr\/wp-content\/uploads\/2023\/04\/etiquette-15-300x298.jpg 300w, https:\/\/ometic-cfc.fr\/wp-content\/uploads\/2023\/04\/etiquette-15-150x150.jpg 150w\" sizes=\"auto, (max-width: 645px) 100vw, 645px\" \/><\/a><\/figure><div class=\"wp-block-media-text__content\">\n<p>\u00c9tiquettes en bobines ou paravents pour application industrielle<\/p>\n<\/div><\/div>\n","protected":false},"excerpt":{"rendered":"<p>OMETIC CFC commercialise toutes sortes d&rsquo;\u00e9tiquettes, pour toutes les applications industrielles, logistiques et m\u00e9dicales. Nous sommes experts dans les supports et adh\u00e9sifs sp\u00e9ciaux pour les applications difficiles. Nous fabriquons les \u00e9tiquettes en France. Nous maitrisons les diverses technologies d&rsquo;impression laser, jet d&rsquo;encre, transfert thermique et thermique direct. Nous pouvons vous conseiller sur vos choix d&rsquo;imprimantes. [&hellip;]<\/p>\n","protected":false},"author":1,"featured_media":0,"parent":0,"menu_order":0,"comment_status":"closed","ping_status":"closed","template":"","meta":{"footnotes":""},"class_list":["post-29","page","type-page","status-publish","hentry"],"_links":{"self":[{"href":"https:\/\/ometic-cfc.fr\/index.php?rest_route=\/wp\/v2\/pages\/29","targetHints":{"allow":["GET"]}}],"collection":[{"href":"https:\/\/ometic-cfc.fr\/index.php?rest_route=\/wp\/v2\/pages"}],"about":[{"href":"https:\/\/ometic-cfc.fr\/index.php?rest_route=\/wp\/v2\/types\/page"}],"author":[{"embeddable":true,"href":"https:\/\/ometic-cfc.fr\/index.php?rest_route=\/wp\/v2\/users\/1"}],"replies":[{"embeddable":true,"href":"https:\/\/ometic-cfc.fr\/index.php?rest_route=%2Fwp%2Fv2%2Fcomments&post=29"}],"version-history":[{"count":9,"href":"https:\/\/ometic-cfc.fr\/index.php?rest_route=\/wp\/v2\/pages\/29\/revisions"}],"predecessor-version":[{"id":100,"href":"https:\/\/ometic-cfc.fr\/index.php?rest_route=\/wp\/v2\/pages\/29\/revisions\/100"}],"wp:attachment":[{"href":"https:\/\/ometic-cfc.fr\/index.php?rest_route=%2Fwp%2Fv2%2Fmedia&parent=29"}],"curies":[{"name":"wp","href":"https:\/\/api.w.org\/{rel}","templated":true}]}}