{"id":54,"date":"2023-04-11T17:07:53","date_gmt":"2023-04-11T15:07:53","guid":{"rendered":"https:\/\/ometic-cfc.fr\/?page_id=54"},"modified":"2023-04-13T00:04:04","modified_gmt":"2023-04-12T22:04:04","slug":"en-savoir-plus","status":"publish","type":"page","link":"https:\/\/ometic-cfc.fr\/?page_id=54","title":{"rendered":"En savoir plus"},"content":{"rendered":"\n<div class=\"wp-block-media-text alignwide is-stacked-on-mobile\" style=\"grid-template-columns:38% auto\"><figure class=\"wp-block-media-text__media\"><img loading=\"lazy\" decoding=\"async\" width=\"742\" height=\"742\" src=\"https:\/\/ometic-cfc.fr\/wp-content\/uploads\/2023\/04\/etiquette-11.jpg\" alt=\"\" class=\"wp-image-41 size-full\" srcset=\"https:\/\/ometic-cfc.fr\/wp-content\/uploads\/2023\/04\/etiquette-11.jpg 742w, https:\/\/ometic-cfc.fr\/wp-content\/uploads\/2023\/04\/etiquette-11-300x300.jpg 300w, https:\/\/ometic-cfc.fr\/wp-content\/uploads\/2023\/04\/etiquette-11-150x150.jpg 150w\" sizes=\"auto, (max-width: 742px) 100vw, 742px\" \/><\/figure><div class=\"wp-block-media-text__content\">\n<p class=\"has-text-align-center\">OMETIC-CFC est une entreprise sp\u00e9cialis\u00e9e dans les \u00e9tiquettes depuis 20 ans. Experte dans les \u00e9tiquettes vierges et les technologies d&rsquo;impression, la soci\u00e9t\u00e9 r\u00e9pondra \u00e0 toutes vos demandes tr\u00e8s rapidement.<br>Toutes nos \u00e9tiquettes sont fabriqu\u00e9es en France exclusivement.<\/p>\n<\/div><\/div>\n\n\n\n<div class=\"wp-block-media-text alignwide has-media-on-the-right is-stacked-on-mobile\" style=\"grid-template-columns:auto 44%\"><div class=\"wp-block-media-text__content\">\n<p class=\"has-text-align-center\">\u00c9tiquettes en planches, bobines et paravents pour l\u2019industrie, la logistique et le m\u00e9dical, nous pouvons vous conseiller sur les supports et adh\u00e9sifs quelques soient vos applications.<\/p>\n<\/div><figure class=\"wp-block-media-text__media\"><img loading=\"lazy\" decoding=\"async\" width=\"822\" height=\"534\" src=\"https:\/\/ometic-cfc.fr\/wp-content\/uploads\/2023\/04\/etiquette-2.jpg\" alt=\"\" class=\"wp-image-50 size-full\" srcset=\"https:\/\/ometic-cfc.fr\/wp-content\/uploads\/2023\/04\/etiquette-2.jpg 822w, https:\/\/ometic-cfc.fr\/wp-content\/uploads\/2023\/04\/etiquette-2-300x195.jpg 300w, https:\/\/ometic-cfc.fr\/wp-content\/uploads\/2023\/04\/etiquette-2-768x499.jpg 768w\" sizes=\"auto, (max-width: 822px) 100vw, 822px\" \/><\/figure><\/div>\n\n\n\n<div class=\"wp-block-media-text alignwide is-stacked-on-mobile\" style=\"grid-template-columns:36% auto\"><figure class=\"wp-block-media-text__media\"><img loading=\"lazy\" decoding=\"async\" width=\"634\" height=\"625\" src=\"https:\/\/ometic-cfc.fr\/wp-content\/uploads\/2023\/04\/etiquette-10.jpg\" alt=\"\" class=\"wp-image-42 size-full\" srcset=\"https:\/\/ometic-cfc.fr\/wp-content\/uploads\/2023\/04\/etiquette-10.jpg 634w, https:\/\/ometic-cfc.fr\/wp-content\/uploads\/2023\/04\/etiquette-10-300x296.jpg 300w\" sizes=\"auto, (max-width: 634px) 100vw, 634px\" \/><\/figure><div class=\"wp-block-media-text__content\">\n<p class=\"has-text-align-center\">Produits disponibles sur stock ou sur commande selon les formats et les contraintes, <a href=\"https:\/\/ometic-cfc.fr\/?page_id=28\" data-type=\"page\" data-id=\"28\">demandez-nous<\/a> notre catalogue.<\/p>\n<\/div><\/div>\n","protected":false},"excerpt":{"rendered":"<p>OMETIC-CFC est une entreprise sp\u00e9cialis\u00e9e dans les \u00e9tiquettes depuis 20 ans. Experte dans les \u00e9tiquettes vierges et les technologies d&rsquo;impression, la soci\u00e9t\u00e9 r\u00e9pondra \u00e0 toutes vos demandes tr\u00e8s rapidement.Toutes nos \u00e9tiquettes sont fabriqu\u00e9es en France exclusivement. \u00c9tiquettes en planches, bobines et paravents pour l\u2019industrie, la logistique et le m\u00e9dical, nous pouvons vous conseiller sur les [&hellip;]<\/p>\n","protected":false},"author":1,"featured_media":0,"parent":0,"menu_order":0,"comment_status":"closed","ping_status":"closed","template":"","meta":{"footnotes":""},"class_list":["post-54","page","type-page","status-publish","hentry"],"_links":{"self":[{"href":"https:\/\/ometic-cfc.fr\/index.php?rest_route=\/wp\/v2\/pages\/54","targetHints":{"allow":["GET"]}}],"collection":[{"href":"https:\/\/ometic-cfc.fr\/index.php?rest_route=\/wp\/v2\/pages"}],"about":[{"href":"https:\/\/ometic-cfc.fr\/index.php?rest_route=\/wp\/v2\/types\/page"}],"author":[{"embeddable":true,"href":"https:\/\/ometic-cfc.fr\/index.php?rest_route=\/wp\/v2\/users\/1"}],"replies":[{"embeddable":true,"href":"https:\/\/ometic-cfc.fr\/index.php?rest_route=%2Fwp%2Fv2%2Fcomments&post=54"}],"version-history":[{"count":5,"href":"https:\/\/ometic-cfc.fr\/index.php?rest_route=\/wp\/v2\/pages\/54\/revisions"}],"predecessor-version":[{"id":119,"href":"https:\/\/ometic-cfc.fr\/index.php?rest_route=\/wp\/v2\/pages\/54\/revisions\/119"}],"wp:attachment":[{"href":"https:\/\/ometic-cfc.fr\/index.php?rest_route=%2Fwp%2Fv2%2Fmedia&parent=54"}],"curies":[{"name":"wp","href":"https:\/\/api.w.org\/{rel}","templated":true}]}}